{"id":1709,"date":"2024-06-21T17:52:11","date_gmt":"2024-06-21T15:52:11","guid":{"rendered":"https:\/\/www.golabistrotbari.it\/?page_id=1709"},"modified":"2025-04-17T20:57:46","modified_gmt":"2025-04-17T18:57:46","slug":"lemaninpasta","status":"publish","type":"page","link":"https:\/\/www.golabistrotbari.it\/en\/lemaninpasta\/","title":{"rendered":"Le Mani in Pasta"},"content":{"rendered":"<div data-elementor-type=\"wp-page\" data-elementor-id=\"1709\" class=\"elementor elementor-1709\" data-elementor-post-type=\"page\">\n\t\t\t\t\t\t<section class=\"elementor-section elementor-top-section elementor-element elementor-element-0156c0d elementor-section-height-min-height elementor-section-content-middle elementor-section-boxed elementor-section-height-default elementor-section-items-middle\" data-id=\"0156c0d\" data-element_type=\"section\" data-settings=\"{&quot;background_background&quot;:&quot;classic&quot;}\">\n\t\t\t\t\t\t\t<div class=\"elementor-background-overlay\"><\/div>\n\t\t\t\t\t\t\t<div class=\"elementor-container elementor-column-gap-default\">\n\t\t\t\t\t<div class=\"elementor-column elementor-col-100 elementor-top-column elementor-element elementor-element-444b9d6\" data-id=\"444b9d6\" data-element_type=\"column\">\n\t\t\t<div class=\"elementor-widget-wrap elementor-element-populated\">\n\t\t\t\t\t\t<section class=\"elementor-section elementor-inner-section elementor-element elementor-element-463dcb5 elementor-section-boxed elementor-section-height-default elementor-section-height-default\" data-id=\"463dcb5\" data-element_type=\"section\">\n\t\t\t\t\t\t<div class=\"elementor-container elementor-column-gap-default\">\n\t\t\t\t\t<div class=\"elementor-column elementor-col-50 elementor-inner-column elementor-element elementor-element-c57e683\" data-id=\"c57e683\" data-element_type=\"column\">\n\t\t\t<div class=\"elementor-widget-wrap elementor-element-populated\">\n\t\t\t\t\t\t<div class=\"elementor-element elementor-element-94b2e7f elementor-widget elementor-widget-image\" data-id=\"94b2e7f\" data-element_type=\"widget\" data-widget_type=\"image.default\">\n\t\t\t\t<div class=\"elementor-widget-container\">\n\t\t\t\t\t\t\t\t\t\t\t\t\t<img fetchpriority=\"high\" decoding=\"async\" width=\"509\" height=\"374\" src=\"https:\/\/www.golabistrotbari.it\/wp-content\/uploads\/2024\/06\/asfapuglia@3x.png\" class=\"attachment-large size-large wp-image-1714\" alt=\"\" srcset=\"https:\/\/www.golabistrotbari.it\/wp-content\/uploads\/2024\/06\/asfapuglia@3x.png 509w, https:\/\/www.golabistrotbari.it\/wp-content\/uploads\/2024\/06\/asfapuglia@3x-300x220.png 300w\" sizes=\"(max-width: 509px) 100vw, 509px\" \/>\t\t\t\t\t\t\t\t\t\t\t\t\t<\/div>\n\t\t\t\t<\/div>\n\t\t\t\t\t<\/div>\n\t\t<\/div>\n\t\t\t\t<div class=\"elementor-column elementor-col-50 elementor-inner-column elementor-element elementor-element-a9a0165\" data-id=\"a9a0165\" data-element_type=\"column\">\n\t\t\t<div class=\"elementor-widget-wrap elementor-element-populated\">\n\t\t\t\t\t\t<div class=\"elementor-element elementor-element-fb311aa elementor-widget elementor-widget-image\" data-id=\"fb311aa\" data-element_type=\"widget\" data-widget_type=\"image.default\">\n\t\t\t\t<div class=\"elementor-widget-container\">\n\t\t\t\t\t\t\t\t\t\t\t\t\t<img decoding=\"async\" width=\"389\" height=\"389\" src=\"https:\/\/www.golabistrotbari.it\/wp-content\/uploads\/2024\/06\/gola@3x.png\" class=\"attachment-large size-large wp-image-1726\" alt=\"\" srcset=\"https:\/\/www.golabistrotbari.it\/wp-content\/uploads\/2024\/06\/gola@3x.png 389w, https:\/\/www.golabistrotbari.it\/wp-content\/uploads\/2024\/06\/gola@3x-300x300.png 300w, https:\/\/www.golabistrotbari.it\/wp-content\/uploads\/2024\/06\/gola@3x-150x150.png 150w, https:\/\/www.golabistrotbari.it\/wp-content\/uploads\/2024\/06\/gola@3x-100x100.png 100w\" sizes=\"(max-width: 389px) 100vw, 389px\" \/>\t\t\t\t\t\t\t\t\t\t\t\t\t<\/div>\n\t\t\t\t<\/div>\n\t\t\t\t\t<\/div>\n\t\t<\/div>\n\t\t\t\t\t<\/div>\n\t\t<\/section>\n\t\t\t\t<section class=\"elementor-section elementor-inner-section elementor-element elementor-element-f2ef52a elementor-section-boxed elementor-section-height-default elementor-section-height-default\" data-id=\"f2ef52a\" data-element_type=\"section\">\n\t\t\t\t\t\t<div class=\"elementor-container elementor-column-gap-default\">\n\t\t\t\t\t<div class=\"elementor-column elementor-col-100 elementor-inner-column elementor-element elementor-element-6af2395\" data-id=\"6af2395\" data-element_type=\"column\">\n\t\t\t<div class=\"elementor-widget-wrap elementor-element-populated\">\n\t\t\t\t\t\t<div class=\"elementor-element elementor-element-51e09d2 elementor-widget elementor-widget-image\" data-id=\"51e09d2\" data-element_type=\"widget\" data-widget_type=\"image.default\">\n\t\t\t\t<div class=\"elementor-widget-container\">\n\t\t\t\t\t\t\t\t\t\t\t\t\t<img decoding=\"async\" width=\"550\" height=\"232\" src=\"https:\/\/www.golabistrotbari.it\/wp-content\/uploads\/2024\/06\/Logo-vert@3x.png\" class=\"attachment-large size-large wp-image-1815\" alt=\"\" srcset=\"https:\/\/www.golabistrotbari.it\/wp-content\/uploads\/2024\/06\/Logo-vert@3x.png 550w, https:\/\/www.golabistrotbari.it\/wp-content\/uploads\/2024\/06\/Logo-vert@3x-300x127.png 300w\" sizes=\"(max-width: 550px) 100vw, 550px\" \/>\t\t\t\t\t\t\t\t\t\t\t\t\t<\/div>\n\t\t\t\t<\/div>\n\t\t\t\t<div class=\"elementor-element elementor-element-f6b3403 elementor-widget elementor-widget-heading\" data-id=\"f6b3403\" data-element_type=\"widget\" data-widget_type=\"heading.default\">\n\t\t\t\t<div class=\"elementor-widget-container\">\n\t\t\t<span class=\"elementor-heading-title elementor-size-default\">PERCORSO FORMATIVO 2023\/2024<\/span>\t\t<\/div>\n\t\t\t\t<\/div>\n\t\t\t\t\t<\/div>\n\t\t<\/div>\n\t\t\t\t\t<\/div>\n\t\t<\/section>\n\t\t\t\t<section class=\"elementor-section elementor-inner-section elementor-element elementor-element-f961ef4 elementor-section-boxed elementor-section-height-default elementor-section-height-default\" data-id=\"f961ef4\" data-element_type=\"section\">\n\t\t\t\t\t\t<div class=\"elementor-container elementor-column-gap-default\">\n\t\t\t\t\t<div class=\"elementor-column elementor-col-50 elementor-inner-column elementor-element elementor-element-22e50ac\" data-id=\"22e50ac\" data-element_type=\"column\" data-settings=\"{&quot;background_background&quot;:&quot;classic&quot;}\">\n\t\t\t<div class=\"elementor-widget-wrap elementor-element-populated\">\n\t\t\t\t\t\t<div class=\"elementor-element elementor-element-322049d elementor-position-left elementor-vertical-align-middle elementor-widget elementor-widget-image-box\" data-id=\"322049d\" data-element_type=\"widget\" data-widget_type=\"image-box.default\">\n\t\t\t\t<div class=\"elementor-widget-container\">\n\t\t\t<div class=\"elementor-image-box-wrapper\"><figure class=\"elementor-image-box-img\"><a href=\"https:\/\/www.golabistrotbari.it\/en\/lemaninpasta\/le-mani-in-pasta-il-progetto\/\" tabindex=\"-1\"><img loading=\"lazy\" decoding=\"async\" width=\"630\" height=\"720\" src=\"https:\/\/www.golabistrotbari.it\/wp-content\/uploads\/2024\/06\/cappello@3x.png\" class=\"elementor-animation-float attachment-full size-full wp-image-1715\" alt=\"\" srcset=\"https:\/\/www.golabistrotbari.it\/wp-content\/uploads\/2024\/06\/cappello@3x.png 630w, https:\/\/www.golabistrotbari.it\/wp-content\/uploads\/2024\/06\/cappello@3x-263x300.png 263w, https:\/\/www.golabistrotbari.it\/wp-content\/uploads\/2024\/06\/cappello@3x-600x686.png 600w\" sizes=\"(max-width: 630px) 100vw, 630px\" \/><\/a><\/figure><div class=\"elementor-image-box-content\"><h3 class=\"elementor-image-box-title\"><a href=\"https:\/\/www.golabistrotbari.it\/en\/lemaninpasta\/le-mani-in-pasta-il-progetto\/\">IL PROGETTO<\/a><\/h3><\/div><\/div>\t\t<\/div>\n\t\t\t\t<\/div>\n\t\t\t\t\t<\/div>\n\t\t<\/div>\n\t\t\t\t<div class=\"elementor-column elementor-col-50 elementor-inner-column elementor-element elementor-element-703dc0c\" data-id=\"703dc0c\" data-element_type=\"column\" data-settings=\"{&quot;background_background&quot;:&quot;classic&quot;}\">\n\t\t\t<div class=\"elementor-widget-wrap elementor-element-populated\">\n\t\t\t\t\t\t<div class=\"elementor-element elementor-element-574cda2 elementor-position-left elementor-vertical-align-middle elementor-widget elementor-widget-image-box\" data-id=\"574cda2\" data-element_type=\"widget\" data-widget_type=\"image-box.default\">\n\t\t\t\t<div class=\"elementor-widget-container\">\n\t\t\t<div class=\"elementor-image-box-wrapper\"><figure class=\"elementor-image-box-img\"><a href=\"https:\/\/www.golabistrotbari.it\/en\/lemaninpasta\/le-mani-in-pasta-argomenti-e-moduli\/\" tabindex=\"-1\"><img loading=\"lazy\" decoding=\"async\" width=\"822\" height=\"769\" src=\"https:\/\/www.golabistrotbari.it\/wp-content\/uploads\/2024\/06\/guanto@3x.png\" class=\"elementor-animation-float attachment-full size-full wp-image-1718\" alt=\"\" srcset=\"https:\/\/www.golabistrotbari.it\/wp-content\/uploads\/2024\/06\/guanto@3x.png 822w, https:\/\/www.golabistrotbari.it\/wp-content\/uploads\/2024\/06\/guanto@3x-300x281.png 300w, https:\/\/www.golabistrotbari.it\/wp-content\/uploads\/2024\/06\/guanto@3x-768x718.png 768w, https:\/\/www.golabistrotbari.it\/wp-content\/uploads\/2024\/06\/guanto@3x-600x561.png 600w\" sizes=\"(max-width: 822px) 100vw, 822px\" \/><\/a><\/figure><div class=\"elementor-image-box-content\"><h3 class=\"elementor-image-box-title\"><a href=\"https:\/\/www.golabistrotbari.it\/en\/lemaninpasta\/le-mani-in-pasta-argomenti-e-moduli\/\">I MODULI<\/a><\/h3><\/div><\/div>\t\t<\/div>\n\t\t\t\t<\/div>\n\t\t\t\t\t<\/div>\n\t\t<\/div>\n\t\t\t\t\t<\/div>\n\t\t<\/section>\n\t\t\t\t<section class=\"elementor-section elementor-inner-section elementor-element elementor-element-20cc739 elementor-section-boxed elementor-section-height-default elementor-section-height-default\" data-id=\"20cc739\" data-element_type=\"section\">\n\t\t\t\t\t\t<div class=\"elementor-container elementor-column-gap-default\">\n\t\t\t\t\t<div class=\"elementor-column elementor-col-100 elementor-inner-column elementor-element elementor-element-ea164ab\" data-id=\"ea164ab\" data-element_type=\"column\" data-settings=\"{&quot;background_background&quot;:&quot;classic&quot;}\">\n\t\t\t<div class=\"elementor-widget-wrap elementor-element-populated\">\n\t\t\t\t\t\t<div class=\"elementor-element elementor-element-9cdd8a5 elementor-shape-circle elementor-grid-0 e-grid-align-center elementor-widget elementor-widget-social-icons\" data-id=\"9cdd8a5\" data-element_type=\"widget\" data-widget_type=\"social-icons.default\">\n\t\t\t\t<div class=\"elementor-widget-container\">\n\t\t\t\t\t<div class=\"elementor-social-icons-wrapper elementor-grid\">\n\t\t\t\t\t\t\t<span class=\"elementor-grid-item\">\n\t\t\t\t\t<a class=\"elementor-icon elementor-social-icon elementor-social-icon-facebook elementor-repeater-item-c7a1f06\" href=\"https:\/\/www.facebook.com\/formiamo.lemaninpasta\" target=\"_blank\">\n\t\t\t\t\t\t<span class=\"elementor-screen-only\">Facebook<\/span>\n\t\t\t\t\t\t<svg class=\"e-font-icon-svg e-fab-facebook\" viewbox=\"0 0 512 512\" xmlns=\"http:\/\/www.w3.org\/2000\/svg\"><path d=\"M504 256C504 119 393 8 256 8S8 119 8 256c0 123.78 90.69 226.38 209.25 245V327.69h-63V256h63v-54.64c0-62.15 37-96.48 93.67-96.48 27.14 0 55.52 4.84 55.52 4.84v61h-31.28c-30.8 0-40.41 19.12-40.41 38.73V256h68.78l-11 71.69h-57.78V501C413.31 482.38 504 379.78 504 256z\"><\/path><\/svg>\t\t\t\t\t<\/a>\n\t\t\t\t<\/span>\n\t\t\t\t\t\t\t<span class=\"elementor-grid-item\">\n\t\t\t\t\t<a class=\"elementor-icon elementor-social-icon elementor-social-icon-instagram elementor-repeater-item-6a86c06\" href=\"https:\/\/www.instagram.com\/formiamo.lemaninpasta\" target=\"_blank\">\n\t\t\t\t\t\t<span class=\"elementor-screen-only\">Instagram<\/span>\n\t\t\t\t\t\t<svg class=\"e-font-icon-svg e-fab-instagram\" viewbox=\"0 0 448 512\" xmlns=\"http:\/\/www.w3.org\/2000\/svg\"><path d=\"M224.1 141c-63.6 0-114.9 51.3-114.9 114.9s51.3 114.9 114.9 114.9S339 319.5 339 255.9 287.7 141 224.1 141zm0 189.6c-41.1 0-74.7-33.5-74.7-74.7s33.5-74.7 74.7-74.7 74.7 33.5 74.7 74.7-33.6 74.7-74.7 74.7zm146.4-194.3c0 14.9-12 26.8-26.8 26.8-14.9 0-26.8-12-26.8-26.8s12-26.8 26.8-26.8 26.8 12 26.8 26.8zm76.1 27.2c-1.7-35.9-9.9-67.7-36.2-93.9-26.2-26.2-58-34.4-93.9-36.2-37-2.1-147.9-2.1-184.9 0-35.8 1.7-67.6 9.9-93.9 36.1s-34.4 58-36.2 93.9c-2.1 37-2.1 147.9 0 184.9 1.7 35.9 9.9 67.7 36.2 93.9s58 34.4 93.9 36.2c37 2.1 147.9 2.1 184.9 0 35.9-1.7 67.7-9.9 93.9-36.2 26.2-26.2 34.4-58 36.2-93.9 2.1-37 2.1-147.8 0-184.8zM398.8 388c-7.8 19.6-22.9 34.7-42.6 42.6-29.5 11.7-99.5 9-132.1 9s-102.7 2.6-132.1-9c-19.6-7.8-34.7-22.9-42.6-42.6-11.7-29.5-9-99.5-9-132.1s-2.6-102.7 9-132.1c7.8-19.6 22.9-34.7 42.6-42.6 29.5-11.7 99.5-9 132.1-9s102.7-2.6 132.1 9c19.6 7.8 34.7 22.9 42.6 42.6 11.7 29.5 9 99.5 9 132.1s2.7 102.7-9 132.1z\"><\/path><\/svg>\t\t\t\t\t<\/a>\n\t\t\t\t<\/span>\n\t\t\t\t\t<\/div>\n\t\t\t\t<\/div>\n\t\t\t\t<\/div>\n\t\t\t\t\t<\/div>\n\t\t<\/div>\n\t\t\t\t\t<\/div>\n\t\t<\/section>\n\t\t\t\t<section class=\"elementor-section elementor-inner-section elementor-element elementor-element-07b7a1e elementor-section-boxed elementor-section-height-default elementor-section-height-default\" data-id=\"07b7a1e\" data-element_type=\"section\">\n\t\t\t\t\t\t<div class=\"elementor-container elementor-column-gap-default\">\n\t\t\t\t\t<div class=\"elementor-column elementor-col-100 elementor-inner-column elementor-element elementor-element-3224d28\" data-id=\"3224d28\" data-element_type=\"column\">\n\t\t\t<div class=\"elementor-widget-wrap elementor-element-populated\">\n\t\t\t\t\t\t<div class=\"elementor-element elementor-element-2195c71 elementor-widget elementor-widget-heading\" data-id=\"2195c71\" data-element_type=\"widget\" data-widget_type=\"heading.default\">\n\t\t\t\t<div class=\"elementor-widget-container\">\n\t\t\t<span class=\"elementor-heading-title elementor-size-default\">Questa attivit\u00e0 \u00e8 finanziata dal bando \n<b>\"Un negozio non \u00e8 solo un negozio<\/b>\"\n<\/span>\t\t<\/div>\n\t\t\t\t<\/div>\n\t\t\t\t<div class=\"elementor-element elementor-element-ccf4f2a elementor-widget elementor-widget-image\" data-id=\"ccf4f2a\" data-element_type=\"widget\" data-widget_type=\"image.default\">\n\t\t\t\t<div class=\"elementor-widget-container\">\n\t\t\t\t\t\t\t\t\t\t\t\t\t<img loading=\"lazy\" decoding=\"async\" width=\"800\" height=\"84\" src=\"https:\/\/www.golabistrotbari.it\/wp-content\/uploads\/2024\/06\/fascetta-loghi@3x-1024x107.png\" class=\"attachment-large size-large wp-image-1717\" alt=\"\" srcset=\"https:\/\/www.golabistrotbari.it\/wp-content\/uploads\/2024\/06\/fascetta-loghi@3x-1024x107.png 1024w, https:\/\/www.golabistrotbari.it\/wp-content\/uploads\/2024\/06\/fascetta-loghi@3x-300x31.png 300w, https:\/\/www.golabistrotbari.it\/wp-content\/uploads\/2024\/06\/fascetta-loghi@3x-768x80.png 768w, https:\/\/www.golabistrotbari.it\/wp-content\/uploads\/2024\/06\/fascetta-loghi@3x-1536x161.png 1536w, https:\/\/www.golabistrotbari.it\/wp-content\/uploads\/2024\/06\/fascetta-loghi@3x-2048x214.png 2048w, https:\/\/www.golabistrotbari.it\/wp-content\/uploads\/2024\/06\/fascetta-loghi@3x-600x63.png 600w\" sizes=\"(max-width: 800px) 100vw, 800px\" \/>\t\t\t\t\t\t\t\t\t\t\t\t\t<\/div>\n\t\t\t\t<\/div>\n\t\t\t\t<div class=\"elementor-element elementor-element-ce29d50 elementor-widget elementor-widget-heading\" data-id=\"ce29d50\" data-element_type=\"widget\" data-widget_type=\"heading.default\">\n\t\t\t\t<div class=\"elementor-widget-container\">\n\t\t\t<span class=\"elementor-heading-title elementor-size-default\">POC METRO 2014-2020 POC_BA_1.3.1.p \"Un negozio non \u00e8 solo un negozio\"\nCUP J98C22000130005<\/span>\t\t<\/div>\n\t\t\t\t<\/div>\n\t\t\t\t<div class=\"elementor-element elementor-element-25a6b1c elementor-widget elementor-widget-heading\" data-id=\"25a6b1c\" data-element_type=\"widget\" data-widget_type=\"heading.default\">\n\t\t\t\t<div class=\"elementor-widget-container\">\n\t\t\t<span class=\"elementor-heading-title elementor-size-default\">garganta s.r.l. - Bari, via C. Rosalba 47\/I  - P.iva 07803020721<\/span>\t\t<\/div>\n\t\t\t\t<\/div>\n\t\t\t\t\t<\/div>\n\t\t<\/div>\n\t\t\t\t\t<\/div>\n\t\t<\/section>\n\t\t\t\t\t<\/div>\n\t\t<\/div>\n\t\t\t\t\t<\/div>\n\t\t<\/section>\n\t\t\t\t<\/div>","protected":false},"excerpt":{"rendered":"<p>PERCORSO FORMATIVO 2023\/2024 IL PROGETTO I MODULI Facebook Instagram Questa attivit\u00e0 \u00e8 finanziata dal bando &#8220;Un negozio non \u00e8 solo un negozio&#8220; POC METRO 2014-2020 POC_BA_1.3.1.p &#8220;Un negozio non \u00e8 solo un negozio&#8221; CUP J98C22000130005 garganta s.r.l. &#8211; Bari, via C. Rosalba 47\/I &#8211; P.iva 07803020721<\/p>","protected":false},"author":1,"featured_media":1711,"parent":0,"menu_order":0,"comment_status":"closed","ping_status":"closed","template":"elementor_canvas","meta":{"_acf_changed":false,"footnotes":""},"class_list":["post-1709","page","type-page","status-publish","has-post-thumbnail","hentry"],"acf":[],"_links":{"self":[{"href":"https:\/\/www.golabistrotbari.it\/en\/wp-json\/wp\/v2\/pages\/1709","targetHints":{"allow":["GET"]}}],"collection":[{"href":"https:\/\/www.golabistrotbari.it\/en\/wp-json\/wp\/v2\/pages"}],"about":[{"href":"https:\/\/www.golabistrotbari.it\/en\/wp-json\/wp\/v2\/types\/page"}],"author":[{"embeddable":true,"href":"https:\/\/www.golabistrotbari.it\/en\/wp-json\/wp\/v2\/users\/1"}],"replies":[{"embeddable":true,"href":"https:\/\/www.golabistrotbari.it\/en\/wp-json\/wp\/v2\/comments?post=1709"}],"version-history":[{"count":79,"href":"https:\/\/www.golabistrotbari.it\/en\/wp-json\/wp\/v2\/pages\/1709\/revisions"}],"predecessor-version":[{"id":2653,"href":"https:\/\/www.golabistrotbari.it\/en\/wp-json\/wp\/v2\/pages\/1709\/revisions\/2653"}],"wp:featuredmedia":[{"embeddable":true,"href":"https:\/\/www.golabistrotbari.it\/en\/wp-json\/wp\/v2\/media\/1711"}],"wp:attachment":[{"href":"https:\/\/www.golabistrotbari.it\/en\/wp-json\/wp\/v2\/media?parent=1709"}],"curies":[{"name":"wp","href":"https:\/\/api.w.org\/{rel}","templated":true}]}}