{"id":134,"date":"2021-11-23T18:38:03","date_gmt":"2021-11-23T17:38:03","guid":{"rendered":"https:\/\/www.golabistrotbari.it\/?page_id=134"},"modified":"2026-04-01T10:04:36","modified_gmt":"2026-04-01T08:04:36","slug":"gola-bistrot-bari","status":"publish","type":"page","link":"https:\/\/www.golabistrotbari.it\/en\/","title":{"rendered":"Gola Bistrot Bari"},"content":{"rendered":"<div data-elementor-type=\"wp-page\" data-elementor-id=\"134\" class=\"elementor elementor-134\" data-elementor-post-type=\"page\">\n\t\t\t\t\t\t<section class=\"elementor-section elementor-top-section elementor-element elementor-element-6a62ae29 elementor-section-height-min-height elementor-section-boxed elementor-section-height-default elementor-section-items-middle\" data-id=\"6a62ae29\" data-element_type=\"section\" data-settings=\"{&quot;background_background&quot;:&quot;slideshow&quot;,&quot;background_slideshow_gallery&quot;:[{&quot;id&quot;:2843,&quot;url&quot;:&quot;https:\\\/\\\/www.golabistrotbari.it\\\/wp-content\\\/uploads\\\/2025\\\/05\\\/JOV00505-1.jpg&quot;},{&quot;id&quot;:2838,&quot;url&quot;:&quot;https:\\\/\\\/www.golabistrotbari.it\\\/wp-content\\\/uploads\\\/2025\\\/05\\\/JOV00404.jpg&quot;},{&quot;id&quot;:2834,&quot;url&quot;:&quot;https:\\\/\\\/www.golabistrotbari.it\\\/wp-content\\\/uploads\\\/2025\\\/05\\\/JOV00675.jpg&quot;},{&quot;id&quot;:2833,&quot;url&quot;:&quot;https:\\\/\\\/www.golabistrotbari.it\\\/wp-content\\\/uploads\\\/2025\\\/05\\\/JOV00570.jpg&quot;},{&quot;id&quot;:2826,&quot;url&quot;:&quot;https:\\\/\\\/www.golabistrotbari.it\\\/wp-content\\\/uploads\\\/2025\\\/05\\\/JOV00465.jpg&quot;}],&quot;background_slideshow_loop&quot;:&quot;yes&quot;,&quot;background_slideshow_slide_duration&quot;:5000,&quot;background_slideshow_slide_transition&quot;:&quot;fade&quot;,&quot;background_slideshow_transition_duration&quot;:500}\">\n\t\t\t\t\t\t\t<div class=\"elementor-background-overlay\"><\/div>\n\t\t\t\t\t\t\t<div class=\"elementor-container elementor-column-gap-default\">\n\t\t\t\t\t<div class=\"elementor-column elementor-col-100 elementor-top-column elementor-element elementor-element-4baea235\" data-id=\"4baea235\" data-element_type=\"column\">\n\t\t\t<div class=\"elementor-widget-wrap elementor-element-populated\">\n\t\t\t\t\t\t<div class=\"elementor-element elementor-element-612e10ec elementor-widget elementor-widget-image\" data-id=\"612e10ec\" data-element_type=\"widget\" data-widget_type=\"image.default\">\n\t\t\t\t<div class=\"elementor-widget-container\">\n\t\t\t\t\t\t\t\t\t\t\t\t\t\t<a href=\"https:\/\/www.golabistrotbari.it\/en\/\">\n\t\t\t\t\t\t\t<img fetchpriority=\"high\" decoding=\"async\" width=\"251\" height=\"335\" src=\"https:\/\/www.golabistrotbari.it\/wp-content\/uploads\/2021\/11\/gola_logo.png\" class=\"attachment-large size-large wp-image-93\" alt=\"\" srcset=\"https:\/\/www.golabistrotbari.it\/wp-content\/uploads\/2021\/11\/gola_logo.png 251w, https:\/\/www.golabistrotbari.it\/wp-content\/uploads\/2021\/11\/gola_logo-225x300.png 225w\" sizes=\"(max-width: 251px) 100vw, 251px\" \/>\t\t\t\t\t\t\t\t<\/a>\n\t\t\t\t\t\t\t\t\t\t\t\t\t<\/div>\n\t\t\t\t<\/div>\n\t\t<div class=\"elementor-element elementor-element-a3fd3f5 e-flex e-con-boxed e-con e-parent\" data-id=\"a3fd3f5\" data-element_type=\"container\">\n\t\t\t\t\t<div class=\"e-con-inner\">\n\t\t\t\t<div class=\"elementor-element elementor-element-f1a7b3b elementor-widget elementor-widget-image\" data-id=\"f1a7b3b\" data-element_type=\"widget\" data-widget_type=\"image.default\">\n\t\t\t\t<div class=\"elementor-widget-container\">\n\t\t\t\t\t\t\t\t\t\t\t\t\t\t<a href=\"#elementor-action%3Aaction%3Dlightbox%26settings%3DeyJ1cmwiOiJodHRwczpcL1wvd3d3LmdvbGFiaXN0cm90YmFyaS5pdFwvd3AtY29udGVudFwvdXBsb2Fkc1wvMjAyNlwvMDRcL2Fzc2Fzc2luYS1hLW1vcmlyZS1BMy1ybWVudS5wbmciLCJ0eXBlIjoiaW1hZ2UiLCJ0aXRsZSI6ImFzc2Fzc2luYS1hLW1vcmlyZS1BMy1ybWVudSJ9\">\n\t\t\t\t\t\t\t<img decoding=\"async\" width=\"800\" height=\"557\" src=\"https:\/\/www.golabistrotbari.it\/wp-content\/uploads\/2026\/03\/assassina-a-morire-1024x713.png\" class=\"attachment-large size-large wp-image-3275\" alt=\"\" srcset=\"https:\/\/www.golabistrotbari.it\/wp-content\/uploads\/2026\/03\/assassina-a-morire-1024x713.png 1024w, https:\/\/www.golabistrotbari.it\/wp-content\/uploads\/2026\/03\/assassina-a-morire-300x209.png 300w, https:\/\/www.golabistrotbari.it\/wp-content\/uploads\/2026\/03\/assassina-a-morire-768x535.png 768w, https:\/\/www.golabistrotbari.it\/wp-content\/uploads\/2026\/03\/assassina-a-morire-1536x1069.png 1536w, https:\/\/www.golabistrotbari.it\/wp-content\/uploads\/2026\/03\/assassina-a-morire-2048x1425.png 2048w, https:\/\/www.golabistrotbari.it\/wp-content\/uploads\/2026\/03\/assassina-a-morire-18x12.png 18w, https:\/\/www.golabistrotbari.it\/wp-content\/uploads\/2026\/03\/assassina-a-morire-600x418.png 600w\" sizes=\"(max-width: 800px) 100vw, 800px\" \/>\t\t\t\t\t\t\t\t<\/a>\n\t\t\t\t\t\t\t\t\t\t\t\t\t<\/div>\n\t\t\t\t<\/div>\n\t\t\t\t\t<\/div>\n\t\t\t\t<\/div>\n\t\t\t\t<section class=\"elementor-section elementor-inner-section elementor-element elementor-element-8c6dc1e elementor-section-boxed elementor-section-height-default elementor-section-height-default\" data-id=\"8c6dc1e\" data-element_type=\"section\">\n\t\t\t\t\t\t<div class=\"elementor-container elementor-column-gap-default\">\n\t\t\t\t\t<div class=\"elementor-column elementor-col-50 elementor-inner-column elementor-element elementor-element-f55f9d1\" data-id=\"f55f9d1\" data-element_type=\"column\">\n\t\t\t<div class=\"elementor-widget-wrap elementor-element-populated\">\n\t\t\t\t\t\t<div class=\"elementor-element elementor-element-710f1c7 elementor-align-right elementor-mobile-align-center elementor-widget elementor-widget-button\" data-id=\"710f1c7\" data-element_type=\"widget\" data-widget_type=\"button.default\">\n\t\t\t\t<div class=\"elementor-widget-container\">\n\t\t\t\t\t\t\t\t<a class=\"elementor-button elementor-button-link elementor-size-md elementor-animation-push\" href=\"https:\/\/www.golabistrotbari.it\/en\/menu\/\">\n\t\t\t\t\t\t<span class=\"elementor-button-content-wrapper\">\n\t\t\t\t\t\t\t\t\t<span class=\"elementor-button-text\">Menu<\/span>\n\t\t\t\t\t<\/span>\n\t\t\t\t\t<\/a>\n\t\t\t\t\t\t<\/div>\n\t\t\t\t<\/div>\n\t\t\t\t\t<\/div>\n\t\t<\/div>\n\t\t\t\t<div class=\"elementor-column elementor-col-50 elementor-inner-column elementor-element elementor-element-d2a9bb5\" data-id=\"d2a9bb5\" data-element_type=\"column\">\n\t\t\t<div class=\"elementor-widget-wrap elementor-element-populated\">\n\t\t\t\t\t\t<div class=\"elementor-element elementor-element-1991d39 elementor-align-left elementor-mobile-align-center elementor-widget elementor-widget-button\" data-id=\"1991d39\" data-element_type=\"widget\" data-widget_type=\"button.default\">\n\t\t\t\t<div class=\"elementor-widget-container\">\n\t\t\t\t\t\t\t\t<a class=\"elementor-button elementor-button-link elementor-size-md elementor-animation-push\" href=\"https:\/\/www.golabistrotbari.it\/en\/wine-list\/\">\n\t\t\t\t\t\t<span class=\"elementor-button-content-wrapper\">\n\t\t\t\t\t\t\t\t\t<span class=\"elementor-button-text\">vino<\/span>\n\t\t\t\t\t<\/span>\n\t\t\t\t\t<\/a>\n\t\t\t\t\t\t<\/div>\n\t\t\t\t<\/div>\n\t\t\t\t\t<\/div>\n\t\t<\/div>\n\t\t\t\t\t<\/div>\n\t\t<\/section>\n\t\t\t\t<div class=\"elementor-element elementor-element-359612d elementor-align-center elementor-mobile-align-center elementor-widget elementor-widget-button\" data-id=\"359612d\" data-element_type=\"widget\" data-widget_type=\"button.default\">\n\t\t\t\t<div class=\"elementor-widget-container\">\n\t\t\t\t\t\t\t\t<a class=\"elementor-button elementor-button-link elementor-size-md elementor-animation-push\" href=\"https:\/\/api.whatsapp.com\/send?phone=393929111969\">\n\t\t\t\t\t\t<span class=\"elementor-button-content-wrapper\">\n\t\t\t\t\t\t<span class=\"elementor-button-icon\">\n\t\t\t\t<svg aria-hidden=\"true\" class=\"e-font-icon-svg e-fab-whatsapp\" viewbox=\"0 0 448 512\" xmlns=\"http:\/\/www.w3.org\/2000\/svg\"><path d=\"M380.9 97.1C339 55.1 283.2 32 223.9 32c-122.4 0-222 99.6-222 222 0 39.1 10.2 77.3 29.6 111L0 480l117.7-30.9c32.4 17.7 68.9 27 106.1 27h.1c122.3 0 224.1-99.6 224.1-222 0-59.3-25.2-115-67.1-157zm-157 341.6c-33.2 0-65.7-8.9-94-25.7l-6.7-4-69.8 18.3L72 359.2l-4.4-7c-18.5-29.4-28.2-63.3-28.2-98.2 0-101.7 82.8-184.5 184.6-184.5 49.3 0 95.6 19.2 130.4 54.1 34.8 34.9 56.2 81.2 56.1 130.5 0 101.8-84.9 184.6-186.6 184.6zm101.2-138.2c-5.5-2.8-32.8-16.2-37.9-18-5.1-1.9-8.8-2.8-12.5 2.8-3.7 5.6-14.3 18-17.6 21.8-3.2 3.7-6.5 4.2-12 1.4-32.6-16.3-54-29.1-75.5-66-5.7-9.8 5.7-9.1 16.3-30.3 1.8-3.7.9-6.9-.5-9.7-1.4-2.8-12.5-30.1-17.1-41.2-4.5-10.8-9.1-9.3-12.5-9.5-3.2-.2-6.9-.2-10.6-.2-3.7 0-9.7 1.4-14.8 6.9-5.1 5.6-19.4 19-19.4 46.3 0 27.3 19.9 53.7 22.6 57.4 2.8 3.7 39.1 59.7 94.8 83.8 35.2 15.2 49 16.5 66.6 13.9 10.7-1.6 32.8-13.4 37.4-26.4 4.6-13 4.6-24.1 3.2-26.4-1.3-2.5-5-3.9-10.5-6.6z\"><\/path><\/svg>\t\t\t<\/span>\n\t\t\t\t\t\t\t\t\t<span class=\"elementor-button-text\">Prenota ora<\/span>\n\t\t\t\t\t<\/span>\n\t\t\t\t\t<\/a>\n\t\t\t\t\t\t<\/div>\n\t\t\t\t<\/div>\n\t\t\t\t<div class=\"elementor-element elementor-element-1baee42 elementor-widget elementor-widget-text-editor\" data-id=\"1baee42\" data-element_type=\"widget\" data-widget_type=\"text-editor.default\">\n\t\t\t\t<div class=\"elementor-widget-container\">\n\t\t\t\t\t\t\t<p style=\"text-align: center;\">Segui il link verso il nostro numero Whatsapp dedicato per completare la prenotazione in modo facile, immediato e sicuro.<\/p>\t\t\t\t\t\t<\/div>\n\t\t\t\t<\/div>\n\t\t\t\t<div class=\"elementor-element elementor-element-d73ec63 elementor-align-center elementor-mobile-align-center elementor-icon-list--layout-traditional elementor-list-item-link-full_width elementor-widget elementor-widget-icon-list\" data-id=\"d73ec63\" data-element_type=\"widget\" data-widget_type=\"icon-list.default\">\n\t\t\t\t<div class=\"elementor-widget-container\">\n\t\t\t\t\t<ul class=\"elementor-icon-list-items\">\n\t\t\t\t\t\t\t<li class=\"elementor-icon-list-item\">\n\t\t\t\t\t\t\t\t\t\t<span class=\"elementor-icon-list-text\">+39 080 205 0983 | +39 392 91 11 969<\/span>\n\t\t\t\t\t\t\t\t\t<\/li>\n\t\t\t\t\t\t\t\t<li class=\"elementor-icon-list-item\">\n\t\t\t\t\t\t\t\t\t\t<span class=\"elementor-icon-list-text\">Bari, via Camillo Rosalba 47\/K<\/span>\n\t\t\t\t\t\t\t\t\t<\/li>\n\t\t\t\t\t\t<\/ul>\n\t\t\t\t<\/div>\n\t\t\t\t<\/div>\n\t\t\t\t<div class=\"elementor-element elementor-element-5400d115 elementor-shape-square elementor-grid-0 e-grid-align-center elementor-widget elementor-widget-social-icons\" data-id=\"5400d115\" data-element_type=\"widget\" data-widget_type=\"social-icons.default\">\n\t\t\t\t<div class=\"elementor-widget-container\">\n\t\t\t\t\t<div class=\"elementor-social-icons-wrapper elementor-grid\">\n\t\t\t\t\t\t\t<span class=\"elementor-grid-item\">\n\t\t\t\t\t<a class=\"elementor-icon elementor-social-icon elementor-social-icon-facebook elementor-animation-pulse-shrink elementor-repeater-item-6e3ec85\" href=\"https:\/\/www.facebook.com\/golagourmet\" target=\"_blank\">\n\t\t\t\t\t\t<span class=\"elementor-screen-only\">Facebook<\/span>\n\t\t\t\t\t\t<svg class=\"e-font-icon-svg e-fab-facebook\" viewbox=\"0 0 512 512\" xmlns=\"http:\/\/www.w3.org\/2000\/svg\"><path d=\"M504 256C504 119 393 8 256 8S8 119 8 256c0 123.78 90.69 226.38 209.25 245V327.69h-63V256h63v-54.64c0-62.15 37-96.48 93.67-96.48 27.14 0 55.52 4.84 55.52 4.84v61h-31.28c-30.8 0-40.41 19.12-40.41 38.73V256h68.78l-11 71.69h-57.78V501C413.31 482.38 504 379.78 504 256z\"><\/path><\/svg>\t\t\t\t\t<\/a>\n\t\t\t\t<\/span>\n\t\t\t\t\t\t\t<span class=\"elementor-grid-item\">\n\t\t\t\t\t<a class=\"elementor-icon elementor-social-icon elementor-social-icon-instagram elementor-animation-pulse-shrink elementor-repeater-item-c631e93\" href=\"https:\/\/www.instagram.com\/golacafebistrot\/\" target=\"_blank\">\n\t\t\t\t\t\t<span class=\"elementor-screen-only\">Instagram<\/span>\n\t\t\t\t\t\t<svg class=\"e-font-icon-svg e-fab-instagram\" viewbox=\"0 0 448 512\" xmlns=\"http:\/\/www.w3.org\/2000\/svg\"><path d=\"M224.1 141c-63.6 0-114.9 51.3-114.9 114.9s51.3 114.9 114.9 114.9S339 319.5 339 255.9 287.7 141 224.1 141zm0 189.6c-41.1 0-74.7-33.5-74.7-74.7s33.5-74.7 74.7-74.7 74.7 33.5 74.7 74.7-33.6 74.7-74.7 74.7zm146.4-194.3c0 14.9-12 26.8-26.8 26.8-14.9 0-26.8-12-26.8-26.8s12-26.8 26.8-26.8 26.8 12 26.8 26.8zm76.1 27.2c-1.7-35.9-9.9-67.7-36.2-93.9-26.2-26.2-58-34.4-93.9-36.2-37-2.1-147.9-2.1-184.9 0-35.8 1.7-67.6 9.9-93.9 36.1s-34.4 58-36.2 93.9c-2.1 37-2.1 147.9 0 184.9 1.7 35.9 9.9 67.7 36.2 93.9s58 34.4 93.9 36.2c37 2.1 147.9 2.1 184.9 0 35.9-1.7 67.7-9.9 93.9-36.2 26.2-26.2 34.4-58 36.2-93.9 2.1-37 2.1-147.8 0-184.8zM398.8 388c-7.8 19.6-22.9 34.7-42.6 42.6-29.5 11.7-99.5 9-132.1 9s-102.7 2.6-132.1-9c-19.6-7.8-34.7-22.9-42.6-42.6-11.7-29.5-9-99.5-9-132.1s-2.6-102.7 9-132.1c7.8-19.6 22.9-34.7 42.6-42.6 29.5-11.7 99.5-9 132.1-9s102.7-2.6 132.1 9c19.6 7.8 34.7 22.9 42.6 42.6 11.7 29.5 9 99.5 9 132.1s2.7 102.7-9 132.1z\"><\/path><\/svg>\t\t\t\t\t<\/a>\n\t\t\t\t<\/span>\n\t\t\t\t\t<\/div>\n\t\t\t\t<\/div>\n\t\t\t\t<\/div>\n\t\t\t\t<div class=\"elementor-element elementor-element-f7b0b40 elementor-view-default elementor-position-top elementor-mobile-position-top elementor-widget elementor-widget-icon-box\" data-id=\"f7b0b40\" data-element_type=\"widget\" data-widget_type=\"icon-box.default\">\n\t\t\t\t<div class=\"elementor-widget-container\">\n\t\t\t\t\t<div class=\"elementor-icon-box-wrapper\">\n\n\t\t\t\t\t\t<div class=\"elementor-icon-box-icon\">\n\t\t\t\t<a href=\"https:\/\/www.golabistrotbari.it\/en\/lavora_con_noi\/\" class=\"elementor-icon elementor-animation-\" tabindex=\"-1\">\n\t\t\t\t<svg xmlns=\"http:\/\/www.w3.org\/2000\/svg\" xmlns:xlink=\"http:\/\/www.w3.org\/1999\/xlink\" id=\"Capa_1\" x=\"0px\" y=\"0px\" viewbox=\"0 0 487.643 487.643\" style=\"enable-background:new 0 0 487.643 487.643;\" xml:space=\"preserve\"><g>\t<path d=\"M454.57,472.643h-51.083c-1.073-32.125-10.406-57.132-27.787-74.389c-23.592-23.424-53.221-23.484-54.407-23.474h-37.571   v-11.933c24.001-9.945,39.175-26.501,48.42-40.857c14.433-22.41,17.689-43.977,17.82-44.884c0.052-0.356,0.078-0.716,0.078-1.076   v-1.606c5.268-1.299,9.851-4.017,13.49-8.046c10.619-11.757,10.003-30.305,9.245-37.734c-0.577-5.654-3.135-10.399-7.398-13.722   c-4.664-3.635-10.551-4.904-15.336-5.257v-22.429v-34.279c30.249-3.623,53.78-29.423,53.78-60.633   c0-33.683-27.402-61.085-61.084-61.085c-4.142,0-7.5,3.358-7.5,7.5s3.358,7.5,7.5,7.5c25.411,0,46.084,20.674,46.084,46.085   s-20.673,46.085-46.084,46.085c-0.033,0-0.065,0.004-0.098,0.005c-0.033,0-0.065-0.005-0.098-0.005c-4.142,0-7.5,3.358-7.5,7.5   v33.827H152.603v-33.827c0-4.142-3.358-7.5-7.5-7.5c-25.411,0-46.085-20.674-46.085-46.085s20.674-46.085,46.085-46.085   c25.411,0,46.085,20.674,46.085,46.085c0,4.142,3.358,7.5,7.5,7.5s7.5-3.358,7.5-7.5c0-11.389-3.142-22.054-8.591-31.19   c0-0.016,0.002-0.032,0.002-0.048C197.6,35.674,218.273,15,243.684,15s46.083,20.674,46.083,46.085c0,4.142,3.358,7.5,7.5,7.5   s7.5-3.358,7.5-7.5C304.767,27.403,277.365,0,243.684,0c-28.384,0-52.306,19.461-59.13,45.74   c-10.652-9.035-24.421-14.501-39.45-14.501c-33.683,0-61.085,27.402-61.085,61.085c0,31.142,23.43,56.897,53.585,60.608v34.304   v22.415c-4.815,0.335-10.792,1.591-15.514,5.271c-4.263,3.322-6.822,8.067-7.399,13.723c-0.757,7.429-1.373,25.978,9.245,37.734   c3.679,4.074,8.326,6.804,13.667,8.085v1.567c0,0.36,0.026,0.72,0.078,1.076c0.131,0.907,3.387,22.474,17.82,44.884   c9.245,14.356,24.419,30.912,48.42,40.857v11.933h-37.518c-1.262-0.01-30.872,0.053-54.46,23.474   c-17.381,17.257-26.713,42.263-27.787,74.389H33.073c-4.142,0-7.5,3.358-7.5,7.5c0,4.142,3.358,7.5,7.5,7.5H454.57   c4.142,0,7.5-3.358,7.5-7.5C462.07,476.001,458.712,472.643,454.57,472.643z M321.319,389.78   c2.679,0.001,64.122,0.994,67.148,82.862H217.664c1.865-1.247,3.093-3.371,3.093-5.783c0-3.841-3.114-6.954-6.954-6.954   c-3.841,0-6.955,3.114-6.955,6.954c0,2.412,1.229,4.536,3.093,5.783h-30.953v-81.574c0-0.44-0.045-0.869-0.118-1.289h32.551h64.801   H321.319z M356.154,226.752c0.725,0.565,1.493,1.412,1.697,3.414c0.892,8.739-0.073,20.201-5.454,26.158   c-0.721,0.798-1.508,1.456-2.358,2.008v-33.6C352.348,225.001,354.67,225.596,356.154,226.752z M135.067,256.324   c-5.38-5.957-6.345-17.419-5.454-26.158c0.203-1.993,0.963-2.837,1.68-3.401c1.518-1.193,3.926-1.794,6.309-2.051v33.729   C136.685,257.871,135.838,257.177,135.067,256.324z M168.411,314.331c-11.735-18.011-15.267-35.842-15.808-38.913v-80.681h182.436   v80.679c-0.548,3.107-4.083,20.921-15.808,38.915c-16.808,25.798-41.945,39.985-74.713,42.169h-1.395   C210.356,354.315,185.219,340.128,168.411,314.331z M242.394,371.484c0.161,0.01,0.323,0.016,0.485,0.016h1.886   c0.162,0,0.324-0.005,0.485-0.016c8.499-0.551,16.299-1.832,23.473-3.668v6.965h-49.801v-6.965   C226.095,369.652,233.894,370.933,242.394,371.484z M164.092,389.876c-0.063,0.39-0.104,0.786-0.104,1.193v81.574H99.175   C101.915,398.539,152.51,390.694,164.092,389.876z\"><\/path>\t<circle cx=\"190.584\" cy=\"227.69\" r=\"8.951\"><\/circle>\t<circle cx=\"297.059\" cy=\"227.69\" r=\"8.951\"><\/circle>\t<circle cx=\"213.802\" cy=\"442.177\" r=\"6.955\"><\/circle>\t<circle cx=\"213.802\" cy=\"417.494\" r=\"6.955\"><\/circle>\t<path d=\"M241.887,276.416h3.868c9.666,0,17.554-7.664,17.961-17.232c0.026-0.252,0.039-0.509,0.039-0.768v-29.491   c0-4.142-3.358-7.5-7.5-7.5c-4.142,0-7.5,3.358-7.5,7.5v29.491c0,1.654-1.346,3-3,3h-3.868c-1.654,0-3-1.346-3-3   c0-4.142-3.358-7.5-7.5-7.5s-7.5,3.358-7.5,7.5C223.887,268.341,231.962,276.416,241.887,276.416z\"><\/path>\t<path d=\"M290.315,312.731c2.601-3.225,2.095-7.946-1.129-10.546c-3.225-2.601-7.946-2.094-10.546,1.129   c-0.08,0.1-9.089,9.939-32.971,9.939c-24.809,0-36.903-10.295-37.494-10.812c-3.06-2.75-7.773-2.519-10.552,0.528   c-2.791,3.061-2.572,7.805,0.489,10.595c0.658,0.6,16.468,14.689,47.557,14.689C276.895,328.254,289.034,314.32,290.315,312.731z\"><\/path><\/g><g><\/g><g><\/g><g><\/g><g><\/g><g><\/g><g><\/g><g><\/g><g><\/g><g><\/g><g><\/g><g><\/g><g><\/g><g><\/g><g><\/g><g><\/g><\/svg>\t\t\t\t<\/a>\n\t\t\t<\/div>\n\t\t\t\n\t\t\t\t\t\t<div class=\"elementor-icon-box-content\">\n\n\t\t\t\t\t\t\t\t\t<h3 class=\"elementor-icon-box-title\">\n\t\t\t\t\t\t<a href=\"https:\/\/www.golabistrotbari.it\/en\/lavora_con_noi\/\" >\n\t\t\t\t\t\t\tLavora con noi\t\t\t\t\t\t<\/a>\n\t\t\t\t\t<\/h3>\n\t\t\t\t\n\t\t\t\t\n\t\t\t<\/div>\n\t\t\t\n\t\t<\/div>\n\t\t\t\t<\/div>\n\t\t\t\t<\/div>\n\t\t\t\t\t<\/div>\n\t\t<\/div>\n\t\t\t\t\t<\/div>\n\t\t<\/section>\n\t\t\t\t<section class=\"elementor-section elementor-top-section elementor-element elementor-element-44b8139 elementor-section-boxed elementor-section-height-default elementor-section-height-default\" data-id=\"44b8139\" data-element_type=\"section\">\n\t\t\t\t\t\t<div class=\"elementor-container elementor-column-gap-default\">\n\t\t\t\t\t<div class=\"elementor-column elementor-col-100 elementor-top-column elementor-element elementor-element-7d3f1de\" data-id=\"7d3f1de\" data-element_type=\"column\">\n\t\t\t<div class=\"elementor-widget-wrap elementor-element-populated\">\n\t\t\t\t\t\t<section class=\"elementor-section elementor-inner-section elementor-element elementor-element-47f4ad5 elementor-section-boxed elementor-section-height-default elementor-section-height-default\" data-id=\"47f4ad5\" data-element_type=\"section\">\n\t\t\t\t\t\t<div class=\"elementor-container elementor-column-gap-default\">\n\t\t\t\t\t<div class=\"elementor-column elementor-col-100 elementor-inner-column elementor-element elementor-element-1df4919\" data-id=\"1df4919\" data-element_type=\"column\">\n\t\t\t<div class=\"elementor-widget-wrap elementor-element-populated\">\n\t\t\t\t\t\t<div class=\"elementor-element elementor-element-d8bd290 elementor-widget elementor-widget-image\" data-id=\"d8bd290\" data-element_type=\"widget\" data-widget_type=\"image.default\">\n\t\t\t\t<div class=\"elementor-widget-container\">\n\t\t\t\t\t\t\t\t\t\t\t\t\t\t<a href=\"https:\/\/www.golabistrotbari.it\/en\/lemaninpasta\/\">\n\t\t\t\t\t\t\t<img decoding=\"async\" width=\"550\" height=\"232\" src=\"https:\/\/www.golabistrotbari.it\/wp-content\/uploads\/2024\/06\/Logo-vert@3x.png\" class=\"attachment-large size-large wp-image-1815\" alt=\"\" srcset=\"https:\/\/www.golabistrotbari.it\/wp-content\/uploads\/2024\/06\/Logo-vert@3x.png 550w, https:\/\/www.golabistrotbari.it\/wp-content\/uploads\/2024\/06\/Logo-vert@3x-300x127.png 300w\" sizes=\"(max-width: 550px) 100vw, 550px\" \/>\t\t\t\t\t\t\t\t<\/a>\n\t\t\t\t\t\t\t\t\t\t\t\t\t<\/div>\n\t\t\t\t<\/div>\n\t\t\t\t<div class=\"elementor-element elementor-element-ea65236 elementor-widget elementor-widget-heading\" data-id=\"ea65236\" data-element_type=\"widget\" data-widget_type=\"heading.default\">\n\t\t\t\t<div class=\"elementor-widget-container\">\n\t\t\t<span class=\"elementor-heading-title elementor-size-default\">Questa attivit\u00e0 \u00e8 finanziata dal bando \n<b>\"Un negozio non \u00e8 solo un negozio<\/b>\"\n<\/span>\t\t<\/div>\n\t\t\t\t<\/div>\n\t\t\t\t<div class=\"elementor-element elementor-element-fbb1a81 elementor-widget elementor-widget-image\" data-id=\"fbb1a81\" data-element_type=\"widget\" data-widget_type=\"image.default\">\n\t\t\t\t<div class=\"elementor-widget-container\">\n\t\t\t\t\t\t\t\t\t\t\t\t\t<img loading=\"lazy\" decoding=\"async\" width=\"800\" height=\"84\" src=\"https:\/\/www.golabistrotbari.it\/wp-content\/uploads\/2024\/06\/fascetta-loghi@3x-1024x107.png\" class=\"attachment-large size-large wp-image-1717\" alt=\"\" srcset=\"https:\/\/www.golabistrotbari.it\/wp-content\/uploads\/2024\/06\/fascetta-loghi@3x-1024x107.png 1024w, https:\/\/www.golabistrotbari.it\/wp-content\/uploads\/2024\/06\/fascetta-loghi@3x-300x31.png 300w, https:\/\/www.golabistrotbari.it\/wp-content\/uploads\/2024\/06\/fascetta-loghi@3x-768x80.png 768w, https:\/\/www.golabistrotbari.it\/wp-content\/uploads\/2024\/06\/fascetta-loghi@3x-1536x161.png 1536w, https:\/\/www.golabistrotbari.it\/wp-content\/uploads\/2024\/06\/fascetta-loghi@3x-2048x214.png 2048w, https:\/\/www.golabistrotbari.it\/wp-content\/uploads\/2024\/06\/fascetta-loghi@3x-600x63.png 600w\" sizes=\"(max-width: 800px) 100vw, 800px\" \/>\t\t\t\t\t\t\t\t\t\t\t\t\t<\/div>\n\t\t\t\t<\/div>\n\t\t\t\t<div class=\"elementor-element elementor-element-1aae4e1 elementor-widget elementor-widget-heading\" data-id=\"1aae4e1\" data-element_type=\"widget\" data-widget_type=\"heading.default\">\n\t\t\t\t<div class=\"elementor-widget-container\">\n\t\t\t<span class=\"elementor-heading-title elementor-size-default\">POC METRO 2014-2020 POC_BA_1.3.1.p \"Un negozio non \u00e8 solo un negozio\"\nCUP J98C22000130005<\/span>\t\t<\/div>\n\t\t\t\t<\/div>\n\t\t\t\t<div class=\"elementor-element elementor-element-ef58121 elementor-widget elementor-widget-heading\" data-id=\"ef58121\" data-element_type=\"widget\" data-widget_type=\"heading.default\">\n\t\t\t\t<div class=\"elementor-widget-container\">\n\t\t\t<span class=\"elementor-heading-title elementor-size-default\">garganta s.r.l. - Bari, via C. Rosalba 47\/I  - P.iva 07803020721<\/span>\t\t<\/div>\n\t\t\t\t<\/div>\n\t\t\t\t\t<\/div>\n\t\t<\/div>\n\t\t\t\t\t<\/div>\n\t\t<\/section>\n\t\t\t\t\t<\/div>\n\t\t<\/div>\n\t\t\t\t\t<\/div>\n\t\t<\/section>\n\t\t\t\t<\/div>","protected":false},"excerpt":{"rendered":"<p>Menu vino Prenota ora Segui il link verso il nostro numero Whatsapp dedicato per completare la prenotazione in modo facile, immediato e sicuro. +39 080 205 0983 | +39 392 91 11 969 Bari, via Camillo Rosalba 47\/K Facebook Instagram Lavora con noi Questa attivit\u00e0 \u00e8 finanziata dal bando &#8220;Un negozio non \u00e8 solo un [&hellip;]<\/p>","protected":false},"author":1,"featured_media":0,"parent":0,"menu_order":0,"comment_status":"closed","ping_status":"closed","template":"elementor_canvas","meta":{"_acf_changed":false,"footnotes":""},"class_list":["post-134","page","type-page","status-publish","hentry"],"acf":[],"_links":{"self":[{"href":"https:\/\/www.golabistrotbari.it\/en\/wp-json\/wp\/v2\/pages\/134","targetHints":{"allow":["GET"]}}],"collection":[{"href":"https:\/\/www.golabistrotbari.it\/en\/wp-json\/wp\/v2\/pages"}],"about":[{"href":"https:\/\/www.golabistrotbari.it\/en\/wp-json\/wp\/v2\/types\/page"}],"author":[{"embeddable":true,"href":"https:\/\/www.golabistrotbari.it\/en\/wp-json\/wp\/v2\/users\/1"}],"replies":[{"embeddable":true,"href":"https:\/\/www.golabistrotbari.it\/en\/wp-json\/wp\/v2\/comments?post=134"}],"version-history":[{"count":91,"href":"https:\/\/www.golabistrotbari.it\/en\/wp-json\/wp\/v2\/pages\/134\/revisions"}],"predecessor-version":[{"id":3655,"href":"https:\/\/www.golabistrotbari.it\/en\/wp-json\/wp\/v2\/pages\/134\/revisions\/3655"}],"wp:attachment":[{"href":"https:\/\/www.golabistrotbari.it\/en\/wp-json\/wp\/v2\/media?parent=134"}],"curies":[{"name":"wp","href":"https:\/\/api.w.org\/{rel}","templated":true}]}}